{"id":616,"date":"2015-05-06T12:06:40","date_gmt":"2015-05-06T12:06:40","guid":{"rendered":"http:\/\/demowp.cththemes.net\/domik\/?page_id=616"},"modified":"2023-11-08T15:30:41","modified_gmt":"2023-11-08T15:30:41","slug":"o-nas","status":"publish","type":"page","link":"https:\/\/wilksze.pl\/index.php\/o-nas\/","title":{"rendered":"O nas"},"content":{"rendered":"<p>[vc_row cth_layout=&#8221;row_sec&#8221; el_id=&#8221;aboutme_sec1&#8243; el_class=&#8221;no-padding no-border&#8221;][vc_column][vc_column_text el_class=&#8221;page-title no-border&#8221;]<\/p>\n<h2>Kwatery Wilksze Sio\u0142o<\/h2>\n<p>[\/vc_column_text][\/vc_column][\/vc_row][vc_row cth_layout=&#8221;row_sec_container&#8221;][vc_column offset=&#8221;vc_col-md-3&#8243;][vc_single_image image=&#8221;983&#8243; img_size=&#8221;full&#8221; el_class=&#8221;respimg&#8221;][\/vc_column][vc_column offset=&#8221;vc_col-md-9&#8243;][vc_column_text]Wilksze Sio\u0142o to wspania\u0142e miejsce do wypoczynku nie tylko po ci\u0119\u017ckim dniu pracy (oferujemy g\u0142\u00f3wnie kwatery i pokoje dla pracownik\u00f3w firm), ale te\u017c na weekendowe wypady rowerowe. Spokojna i cicha okolica oraz po\u0142o\u017cenie (0,7 km do granic Wroc\u0142awia, 5 km do Le\u015bnicy, 18 km do rynku), zapewniaj\u0105 komfortowe warunki do relaksu.<\/p>\n<p>&nbsp;<\/p>\n<p>Zapraszamy zar\u00f3wno pracownik\u00f3w firm jak i rowerzyst\u00f3w kt\u00f3rym w okolicy nie zabraknie szlak\u00f3w rowerowych.[\/vc_column_text][\/vc_column][\/vc_row][vc_row cth_layout=&#8221;row_sec_container&#8221;][vc_column offset=&#8221;vc_col-md-4&#8243;][\/vc_column][\/vc_row]<\/p>\n","protected":false},"excerpt":{"rendered":"<p>[vc_row cth_layout=&#8221;row_sec&#8221; el_id=&#8221;aboutme_sec1&#8243; el_class=&#8221;no-padding no-border&#8221;][vc_column][vc_column_text el_class=&#8221;page-title no-border&#8221;] Kwatery Wilksze Sio\u0142o [\/vc_column_text][\/vc_column][\/vc_row][vc_row cth_layout=&#8221;row_sec_container&#8221;][vc_column offset=&#8221;vc_col-md-3&#8243;][vc_single_image image=&#8221;983&#8243; img_size=&#8221;full&#8221; el_class=&#8221;respimg&#8221;][\/vc_column][vc_column offset=&#8221;vc_col-md-9&#8243;][vc_column_text]Wilksze Sio\u0142o to wspania\u0142e miejsce do wypoczynku nie tylko po ci\u0119\u017ckim dniu pracy (oferujemy g\u0142\u00f3wnie kwatery i pokoje dla pracownik\u00f3w firm), ale te\u017c na weekendowe wypady rowerowe. Spokojna i cicha okolica oraz po\u0142o\u017cenie (0,7 km do granic Wroc\u0142awia, 5&#8230;<\/p>\n","protected":false},"author":1,"featured_media":0,"parent":0,"menu_order":0,"comment_status":"open","ping_status":"closed","template":"leftpage.php","meta":[],"_links":{"self":[{"href":"https:\/\/wilksze.pl\/index.php\/wp-json\/wp\/v2\/pages\/616"}],"collection":[{"href":"https:\/\/wilksze.pl\/index.php\/wp-json\/wp\/v2\/pages"}],"about":[{"href":"https:\/\/wilksze.pl\/index.php\/wp-json\/wp\/v2\/types\/page"}],"author":[{"embeddable":true,"href":"https:\/\/wilksze.pl\/index.php\/wp-json\/wp\/v2\/users\/1"}],"replies":[{"embeddable":true,"href":"https:\/\/wilksze.pl\/index.php\/wp-json\/wp\/v2\/comments?post=616"}],"version-history":[{"count":6,"href":"https:\/\/wilksze.pl\/index.php\/wp-json\/wp\/v2\/pages\/616\/revisions"}],"predecessor-version":[{"id":984,"href":"https:\/\/wilksze.pl\/index.php\/wp-json\/wp\/v2\/pages\/616\/revisions\/984"}],"wp:attachment":[{"href":"https:\/\/wilksze.pl\/index.php\/wp-json\/wp\/v2\/media?parent=616"}],"curies":[{"name":"wp","href":"https:\/\/api.w.org\/{rel}","templated":true}]}}