{"id":709,"date":"2015-05-09T09:55:43","date_gmt":"2015-05-09T09:55:43","guid":{"rendered":"http:\/\/demowp.cththemes.net\/domik\/?page_id=709"},"modified":"2023-05-15T15:56:30","modified_gmt":"2023-05-15T15:56:30","slug":"portfolio-style-3","status":"publish","type":"page","link":"https:\/\/wilksze.pl\/index.php\/portfolio-style-3\/","title":{"rendered":"Wilksze.pl"},"content":{"rendered":"<p>[vc_row][vc_column][vc_column_text]<\/p>\n<h2 style=\"text-align: left;\">Oferta<\/h2>\n<p style=\"text-align: left;\">Nasze po\u0142o\u017cenie pozwala na bezproblemowe i szybkie dotarcie do centrum Wroc\u0142awia. Dzi\u0119ki pobliskim stacjom kolejowym [Brzezinka \u015aredzka &#8211; 3,4 km (3 min); Mroz\u00f3w &#8211; 5,0 km (8 min) oraz Wroc\u0142aw Le\u015bnica &#8211; 5,7 km (8 min)] w ci\u0105gu 20 &#8211; 25 minut znajdziecie si\u0119 Pa\u0144stwo w samym centrum Wroc\u0142awia. Koszt biletu to ok 7 z\u0142 od osoby. Poci\u0105gi je\u017cd\u017c\u0105 \u015brednio co godzin\u0119, a pod dworcami s\u0105 wygodne monitorowane parkingi. Wroc\u0142aw jest \u201emiastem rower\u00f3w\u201d wi\u0119c dalsz\u0105 wycieczk\u0119 spod dworca PKP mo\u017cna odby\u0107 nie tylko autobusem, czy tramwajem, ale te\u017c na rowerach korzystaj\u0105c z sieci 77 stacji rowerowych (szczeg\u00f3\u0142y na www.wroclawskirower.pl). Wygodnymi, dobrze oznakowanymi \u015bcie\u017ckami rowerowymi mo\u017cna dotrze\u0107 w ka\u017cde miejsce we Wroc\u0142awiu, odda\u0107 rower w najbli\u017cszej stacji i nie martwi\u0107 si\u0119 o miejsca parkingowe, t\u0142ok i czas parkowania.<\/p>\n<p style=\"text-align: left;\"><strong>Proponujemy &#8211; pokoje 3 i 4-osobowe (opcjonalnie 4 i 5-osobowe)<\/strong><\/p>\n<ul style=\"text-align: left;\">\n<li>kuchnia z jadalni\u0105<\/li>\n<li>WC &#8211; wsp\u00f3lne<\/li>\n<li>du\u017ca \u0142azienka &#8211; wsp\u00f3lna<\/li>\n<li>telewizor w ka\u017cdym pokoju<\/li>\n<li>Wi-Fi<\/li>\n<\/ul>\n<p style=\"text-align: left;\"><strong>Naszym go\u015bciom oferujemy:<\/strong><\/p>\n<ul style=\"text-align: left;\">\n<li>miejsce na grilla<\/li>\n<li>ogrodzony parking dla samochod\u00f3w osobowych i dostawczych<\/li>\n<li>bezpieczne pomieszczenia dla rower\u00f3w<\/li>\n<li>mo\u017cliwo\u015b\u0107 skorzystania z narz\u0119dzi i stojak\u00f3w rowerowych<\/li>\n<\/ul>\n<p>&nbsp;<\/p>\n<p style=\"text-align: left;\">W pobli\u017cu znajduj\u0105 si\u0119 sklepy, bary, restauracje, \u201ezamek na wodzie\u201d, cukiernia, stacja benzynowa. Naprzeciwko, po drugiej stronie drogi sklep \u201eBiedronka\u201d.<\/p>\n<p style=\"text-align: left;\">Ceny za pokoje uzale\u017cniamy od ilo\u015bci os\u00f3b i d\u0142ugo\u015bci wynajmu.W pobli\u017cu znajduj\u0105 si\u0119 sklepy, bary, restauracje, obiekty turystyczne, stacja benzynowa.<\/p>\n<p style=\"text-align: left;\"><strong>Serdecznie zapraszamy!<\/strong><\/p>\n<p>[\/vc_column_text][\/vc_column][\/vc_row]<\/p>\n","protected":false},"excerpt":{"rendered":"<p>[vc_row][vc_column][vc_column_text] Oferta Nasze po\u0142o\u017cenie pozwala na bezproblemowe i szybkie dotarcie do centrum Wroc\u0142awia. Dzi\u0119ki pobliskim stacjom kolejowym [Brzezinka \u015aredzka &#8211; 3,4 km (3 min); Mroz\u00f3w &#8211; 5,0 km (8 min) oraz Wroc\u0142aw Le\u015bnica &#8211; 5,7 km (8 min)] w ci\u0105gu 20 &#8211; 25 minut znajdziecie si\u0119 Pa\u0144stwo w samym centrum Wroc\u0142awia. Koszt biletu to ok&#8230;<\/p>\n","protected":false},"author":1,"featured_media":0,"parent":0,"menu_order":0,"comment_status":"open","ping_status":"open","template":"portfolio-style3.php","meta":[],"_links":{"self":[{"href":"https:\/\/wilksze.pl\/index.php\/wp-json\/wp\/v2\/pages\/709"}],"collection":[{"href":"https:\/\/wilksze.pl\/index.php\/wp-json\/wp\/v2\/pages"}],"about":[{"href":"https:\/\/wilksze.pl\/index.php\/wp-json\/wp\/v2\/types\/page"}],"author":[{"embeddable":true,"href":"https:\/\/wilksze.pl\/index.php\/wp-json\/wp\/v2\/users\/1"}],"replies":[{"embeddable":true,"href":"https:\/\/wilksze.pl\/index.php\/wp-json\/wp\/v2\/comments?post=709"}],"version-history":[{"count":2,"href":"https:\/\/wilksze.pl\/index.php\/wp-json\/wp\/v2\/pages\/709\/revisions"}],"predecessor-version":[{"id":921,"href":"https:\/\/wilksze.pl\/index.php\/wp-json\/wp\/v2\/pages\/709\/revisions\/921"}],"wp:attachment":[{"href":"https:\/\/wilksze.pl\/index.php\/wp-json\/wp\/v2\/media?parent=709"}],"curies":[{"name":"wp","href":"https:\/\/api.w.org\/{rel}","templated":true}]}}