{"id":922,"date":"2023-05-15T15:58:57","date_gmt":"2023-05-15T15:58:57","guid":{"rendered":"https:\/\/wilksze.pl\/?page_id=922"},"modified":"2023-05-17T22:14:57","modified_gmt":"2023-05-17T22:14:57","slug":"oferta","status":"publish","type":"page","link":"https:\/\/wilksze.pl\/index.php\/oferta\/","title":{"rendered":"Oferta"},"content":{"rendered":"<p>[vc_row css=&#8221;.vc_custom_1684166552090{margin-top: -200px !important;}&#8221;][vc_column][vc_column_text]<\/p>\n<h2><\/h2>\n<p>&nbsp;<\/p>\n<p>&nbsp;<\/p>\n<p>Nasze po\u0142o\u017cenie pozwala na bezproblemowe i szybkie dotarcie do centrum Wroc\u0142awia. Dzi\u0119ki pobliskim stacjom kolejowym [Brzezinka \u015aredzka \u2013 3,4 km (3 min); Mroz\u00f3w \u2013 5,0 km (8 min) oraz Wroc\u0142aw Le\u015bnica \u2013 5,7 km (8 min)] w ci\u0105gu 20 \u2013 25 minut znajdziecie si\u0119 Pa\u0144stwo w samym centrum Wroc\u0142awia. Poci\u0105gi je\u017cd\u017c\u0105 \u015brednio co godzin\u0119, a pod dworcami s\u0105 wygodne monitorowane parkingi. Wroc\u0142aw jest \u201emiastem rower\u00f3w\u201d wi\u0119c dalsz\u0105 wycieczk\u0119 spod dworca PKP mo\u017cna odby\u0107 nie tylko autobusem, czy tramwajem, ale te\u017c na rowerach korzystaj\u0105c z sieci 77 stacji rowerowych (szczeg\u00f3\u0142y na www.wroclawskirower.pl). Wygodnymi, dobrze oznakowanymi \u015bcie\u017ckami rowerowymi mo\u017cna dotrze\u0107 w ka\u017cde miejsce we Wroc\u0142awiu, odda\u0107 rower w najbli\u017cszej stacji i nie martwi\u0107 si\u0119 o miejsca parkingowe, t\u0142ok i czas parkowania.<\/p>\n<p><strong><span style=\"color: #0473aa;\">Posiadamy pokoje 1 i 2 osobowe z prywatnymi \u0142azienkami!!!<\/span><\/strong><\/p>\n<p><strong>Proponujemy tak\u017ce pokoje 3 i 4-osobowe (opcjonalnie 4 i 5-osobowe)<\/strong><\/p>\n<ul>\n<li>kuchnia z jadalni\u0105<\/li>\n<li>WC \u2013 wsp\u00f3lne<\/li>\n<li>du\u017ca \u0142azienka \u2013 wsp\u00f3lna<\/li>\n<li>telewizor w ka\u017cdym pokoju<\/li>\n<li>Wi-Fi<\/li>\n<\/ul>\n<p><strong>Naszym go\u015bciom oferujemy:<\/strong><\/p>\n<ul>\n<li>miejsce na grilla<\/li>\n<li>ogrodzony parking dla samochod\u00f3w osobowych i dostawczych<\/li>\n<\/ul>\n<p>&nbsp;<\/p>\n<p>W pobli\u017cu znajduj\u0105 si\u0119 sklepy, bary, restauracje, \u201eZamek na wodzie\u201d, cukiernia, stacja benzynowa. Naprzeciwko, po drugiej stronie drogi sklep \u201eBiedronka\u201d.<\/p>\n<p>Ceny za pokoje uzale\u017cniamy od ilo\u015bci os\u00f3b i d\u0142ugo\u015bci wynajmu.W pobli\u017cu znajduj\u0105 si\u0119 sklepy, bary, restauracje, obiekty turystyczne, stacja benzynowa.<\/p>\n<p><strong>Serdecznie zapraszamy!<\/strong>[\/vc_column_text][\/vc_column][\/vc_row]<\/p>\n","protected":false},"excerpt":{"rendered":"<p>[vc_row css=&#8221;.vc_custom_1684166552090{margin-top: -200px !important;}&#8221;][vc_column][vc_column_text] &nbsp; &nbsp; Nasze po\u0142o\u017cenie pozwala na bezproblemowe i szybkie dotarcie do centrum Wroc\u0142awia. Dzi\u0119ki pobliskim stacjom kolejowym [Brzezinka \u015aredzka \u2013 3,4 km (3 min); Mroz\u00f3w \u2013 5,0 km (8 min) oraz Wroc\u0142aw Le\u015bnica \u2013 5,7 km (8 min)] w ci\u0105gu 20 \u2013 25 minut znajdziecie si\u0119 Pa\u0144stwo w samym centrum Wroc\u0142awia&#8230;.<\/p>\n","protected":false},"author":1,"featured_media":0,"parent":0,"menu_order":0,"comment_status":"closed","ping_status":"closed","template":"","meta":[],"_links":{"self":[{"href":"https:\/\/wilksze.pl\/index.php\/wp-json\/wp\/v2\/pages\/922"}],"collection":[{"href":"https:\/\/wilksze.pl\/index.php\/wp-json\/wp\/v2\/pages"}],"about":[{"href":"https:\/\/wilksze.pl\/index.php\/wp-json\/wp\/v2\/types\/page"}],"author":[{"embeddable":true,"href":"https:\/\/wilksze.pl\/index.php\/wp-json\/wp\/v2\/users\/1"}],"replies":[{"embeddable":true,"href":"https:\/\/wilksze.pl\/index.php\/wp-json\/wp\/v2\/comments?post=922"}],"version-history":[{"count":11,"href":"https:\/\/wilksze.pl\/index.php\/wp-json\/wp\/v2\/pages\/922\/revisions"}],"predecessor-version":[{"id":973,"href":"https:\/\/wilksze.pl\/index.php\/wp-json\/wp\/v2\/pages\/922\/revisions\/973"}],"wp:attachment":[{"href":"https:\/\/wilksze.pl\/index.php\/wp-json\/wp\/v2\/media?parent=922"}],"curies":[{"name":"wp","href":"https:\/\/api.w.org\/{rel}","templated":true}]}}