{"id":946,"date":"2023-05-15T18:27:13","date_gmt":"2023-05-15T18:27:13","guid":{"rendered":"https:\/\/wilksze.pl\/?page_id=946"},"modified":"2023-12-07T18:42:21","modified_gmt":"2023-12-07T18:42:21","slug":"cennik","status":"publish","type":"page","link":"https:\/\/wilksze.pl\/index.php\/cennik\/","title":{"rendered":"Cennik"},"content":{"rendered":"<p>[vc_row][vc_column][vc_column_text]<\/p>\n<table>\n<tbody>\n<tr>\n<td style=\"text-align: center;\">Rodzaj pokoju<\/td>\n<td style=\"text-align: center;\">Cena za 1 osob\u0119 \/ 1 noc<\/td>\n<td style=\"text-align: center;\">Cena za ca\u0142y pok\u00f3j \/ 1 noc<\/td>\n<\/tr>\n<tr>\n<td style=\"text-align: center;\"><b>Pok\u00f3j jednoosobowy<\/b><br \/>\n<i>(w\u0142asna \u0142azienka)<\/i><\/td>\n<td style=\"text-align: center;\">od 65 do 70 z\u0142<\/td>\n<td style=\"text-align: center;\">&#8211;<\/td>\n<\/tr>\n<tr>\n<td style=\"text-align: center;\"><b>Pokoje 2-3 osobowe<\/b><br \/>\n<i>(w\u0142asna \u0142azienka)<\/i><\/td>\n<td style=\"text-align: center;\">od 55 do 60 z\u0142<\/td>\n<td style=\"text-align: center;\">165 z\u0142<\/td>\n<\/tr>\n<tr>\n<td style=\"text-align: center;\"><b>Pokoje 3-5 osobowe<\/b><br \/>\n<i>(\u0142azienka wsp\u00f3lna)<\/i><\/td>\n<td style=\"text-align: center;\">od 45 do 50 z\u0142<\/td>\n<td style=\"text-align: center;\">225 z\u0142<\/td>\n<\/tr>\n<\/tbody>\n<\/table>\n<p>&nbsp;<\/p>\n<p><strong>Ceny uzale\u017cniamy nie tylko od ilo\u015bci os\u00f3b, ale te\u017c od innych czynnik\u00f3w (m.in. od d\u0142ugo\u015bci i ci\u0105g\u0142o\u015bci pobytu).<br \/>\nWi\u0119cej informacji udziel\u0119 pod telefonem : +48 781 384 513<\/strong><\/p>\n<p>[\/vc_column_text][\/vc_column][\/vc_row]<\/p>\n","protected":false},"excerpt":{"rendered":"<p>[vc_row][vc_column][vc_column_text] Rodzaj pokoju Cena za 1 osob\u0119 \/ 1 noc Cena za ca\u0142y pok\u00f3j \/ 1 noc Pok\u00f3j jednoosobowy (w\u0142asna \u0142azienka) od 65 do 70 z\u0142 &#8211; Pokoje 2-3 osobowe (w\u0142asna \u0142azienka) od 55 do 60 z\u0142 165 z\u0142 Pokoje 3-5 osobowe (\u0142azienka wsp\u00f3lna) od 45 do 50 z\u0142 225 z\u0142 &nbsp; Ceny uzale\u017cniamy nie&#8230;<\/p>\n","protected":false},"author":1,"featured_media":0,"parent":0,"menu_order":0,"comment_status":"closed","ping_status":"closed","template":"","meta":[],"_links":{"self":[{"href":"https:\/\/wilksze.pl\/index.php\/wp-json\/wp\/v2\/pages\/946"}],"collection":[{"href":"https:\/\/wilksze.pl\/index.php\/wp-json\/wp\/v2\/pages"}],"about":[{"href":"https:\/\/wilksze.pl\/index.php\/wp-json\/wp\/v2\/types\/page"}],"author":[{"embeddable":true,"href":"https:\/\/wilksze.pl\/index.php\/wp-json\/wp\/v2\/users\/1"}],"replies":[{"embeddable":true,"href":"https:\/\/wilksze.pl\/index.php\/wp-json\/wp\/v2\/comments?post=946"}],"version-history":[{"count":6,"href":"https:\/\/wilksze.pl\/index.php\/wp-json\/wp\/v2\/pages\/946\/revisions"}],"predecessor-version":[{"id":986,"href":"https:\/\/wilksze.pl\/index.php\/wp-json\/wp\/v2\/pages\/946\/revisions\/986"}],"wp:attachment":[{"href":"https:\/\/wilksze.pl\/index.php\/wp-json\/wp\/v2\/media?parent=946"}],"curies":[{"name":"wp","href":"https:\/\/api.w.org\/{rel}","templated":true}]}}